{"id":116,"date":"2026-02-20T12:36:36","date_gmt":"2026-02-20T11:36:36","guid":{"rendered":"https:\/\/tourbouillon.com\/?page_id=116"},"modified":"2026-04-09T19:01:27","modified_gmt":"2026-04-09T18:01:27","slug":"a-propos","status":"publish","type":"page","link":"https:\/\/tourbouillon.com\/index.php\/a-propos\/","title":{"rendered":"\u00c0 propos"},"content":{"rendered":"\n<p><\/p>\n\n\n\n<div class=\"wp-block-columns is-layout-flex wp-container-core-columns-is-layout-28f84493 wp-block-columns-is-layout-flex\" id=\"cuisine\">\n<div class=\"wp-block-column is-layout-flow wp-block-column-is-layout-flow\">\n<figure class=\"wp-block-image size-large\"><img loading=\"lazy\" decoding=\"async\" width=\"819\" height=\"1024\" src=\"https:\/\/tourbouillon.com\/wp-content\/uploads\/2026\/04\/XH17962-819x1024.jpg\" alt=\"\" class=\"wp-image-788\" srcset=\"https:\/\/tourbouillon.com\/wp-content\/uploads\/2026\/04\/XH17962-819x1024.jpg 819w, https:\/\/tourbouillon.com\/wp-content\/uploads\/2026\/04\/XH17962-240x300.jpg 240w, https:\/\/tourbouillon.com\/wp-content\/uploads\/2026\/04\/XH17962-768x960.jpg 768w, https:\/\/tourbouillon.com\/wp-content\/uploads\/2026\/04\/XH17962-1229x1536.jpg 1229w, https:\/\/tourbouillon.com\/wp-content\/uploads\/2026\/04\/XH17962-1638x2048.jpg 1638w, https:\/\/tourbouillon.com\/wp-content\/uploads\/2026\/04\/XH17962-scaled.jpg 2048w\" sizes=\"auto, (max-width: 819px) 100vw, 819px\" \/><\/figure>\n<\/div>\n\n\n\n<div class=\"wp-block-column has-ast-global-color-0-background-color has-background is-layout-flow wp-block-column-is-layout-flow\">\n<h3 class=\"wp-block-heading has-ast-global-color-4-color has-ast-global-color-0-background-color has-text-color has-background has-link-color wp-elements-9f71c7568081678be4e3cef3b0046bad\">Notre cuisine<\/h3>\n\n\n\n<h3 class=\"wp-block-heading has-ast-global-color-4-color has-text-color has-link-color wp-elements-e78e3a97cd8633e5038bf0e6adc58e66\" style=\"padding-right:var(--wp--preset--spacing--40);padding-left:var(--wp--preset--spacing--40)\">Surprenante<\/h3>\n\n\n\n<p class=\"has-ast-global-color-4-color has-text-color has-link-color wp-elements-3bfb166bb0d660e4ea71da248763f984\" style=\"padding-right:var(--wp--preset--spacing--40);padding-left:var(--wp--preset--spacing--40)\">Derri\u00e8re une apparente simplicit\u00e9, notre cuisine r\u00e9serve bien des surprises.  Les saveurs famili\u00e8res y sont sublim\u00e9es par la technique, la pr\u00e9cision et le sens du d\u00e9tail, pour transformer le classique en exp\u00e9rience.<\/p>\n\n\n\n<h3 class=\"wp-block-heading has-ast-global-color-4-color has-text-color has-link-color wp-elements-4ec07d80b0b49aae9029d18139843771\" style=\"padding-right:var(--wp--preset--spacing--40);padding-left:var(--wp--preset--spacing--40)\">Engag\u00e9e<\/h3>\n\n\n\n<p class=\"has-ast-global-color-4-color has-text-color has-link-color wp-elements-d08a2ed4696f90e665ef091de5517b7f\" style=\"padding-right:var(--wp--preset--spacing--40);padding-left:var(--wp--preset--spacing--40)\"><strong>Locale, de saison et fran\u00e7aise :<\/strong> c\u2019est la ligne directrice de chacun de nos plats. Et lorsque certaines recettes demandent une exception, nous veillons toujours \u00e0 s\u00e9lectionner des ingr\u00e9dients au plus pr\u00e8s de notre r\u00e9gion. Nous collaborons d&rsquo;ailleurs directement avec de nombreux producteurs, tant pour la cuisine que pour la cave<\/p>\n\n\n\n<h3 class=\"wp-block-heading has-ast-global-color-4-color has-text-color has-link-color wp-elements-ae269dc4065381b7a97fdf7864de2599\" style=\"padding-right:var(--wp--preset--spacing--40);padding-left:var(--wp--preset--spacing--40)\">Au bon prix<\/h3>\n\n\n\n<p class=\"has-ast-global-color-4-color has-text-color has-link-color wp-elements-6f3dfaa5723e3d189d4df120d22c26a7\" style=\"padding-top:var(--wp--preset--spacing--20);padding-right:var(--wp--preset--spacing--40);padding-bottom:var(--wp--preset--spacing--20);padding-left:var(--wp--preset--spacing--40)\">Nous avons cherch\u00e9 la meilleure fa\u00e7on d\u2019allier qualit\u00e9 et accessibilit\u00e9. En limitant les interm\u00e9diaires et en ma\u00eetrisant chaque \u00e9tape, nous pouvons proposer une cuisine de qualit\u00e9, sinc\u00e8re et soign\u00e9e, \u00e0 des prix justes<\/p>\n<\/div>\n<\/div>\n","protected":false},"excerpt":{"rendered":"<p>Notre cuisine Surprenante Derri\u00e8re une apparente simplicit\u00e9, notre cuisine r\u00e9serve bien des surprises. Les saveurs famili\u00e8res y sont sublim\u00e9es par [&hellip;]<\/p>\n","protected":false},"author":1,"featured_media":0,"parent":0,"menu_order":0,"comment_status":"closed","ping_status":"closed","template":"","meta":{"site-sidebar-layout":"default","site-content-layout":"","ast-site-content-layout":"default","site-content-style":"default","site-sidebar-style":"default","ast-global-header-display":"","ast-banner-title-visibility":"","ast-main-header-display":"","ast-hfb-above-header-display":"","ast-hfb-below-header-display":"","ast-hfb-mobile-header-display":"","site-post-title":"","ast-breadcrumbs-content":"","ast-featured-img":"","footer-sml-layout":"","ast-disable-related-posts":"","theme-transparent-header-meta":"","adv-header-id-meta":"","stick-header-meta":"","header-above-stick-meta":"","header-main-stick-meta":"","header-below-stick-meta":"","astra-migrate-meta-layouts":"default","ast-page-background-enabled":"default","ast-page-background-meta":{"desktop":{"background-color":"var(--ast-global-color-5)","background-image":"","background-repeat":"repeat","background-position":"center center","background-size":"auto","background-attachment":"scroll","background-type":"","background-media":"","overlay-type":"","overlay-color":"","overlay-opacity":"","overlay-gradient":""},"tablet":{"background-color":"","background-image":"","background-repeat":"repeat","background-position":"center center","background-size":"auto","background-attachment":"scroll","background-type":"","background-media":"","overlay-type":"","overlay-color":"","overlay-opacity":"","overlay-gradient":""},"mobile":{"background-color":"","background-image":"","background-repeat":"repeat","background-position":"center center","background-size":"auto","background-attachment":"scroll","background-type":"","background-media":"","overlay-type":"","overlay-color":"","overlay-opacity":"","overlay-gradient":""}},"ast-content-background-meta":{"desktop":{"background-color":"var(--ast-global-color-4)","background-image":"","background-repeat":"repeat","background-position":"center center","background-size":"auto","background-attachment":"scroll","background-type":"","background-media":"","overlay-type":"","overlay-color":"","overlay-opacity":"","overlay-gradient":""},"tablet":{"background-color":"var(--ast-global-color-4)","background-image":"","background-repeat":"repeat","background-position":"center center","background-size":"auto","background-attachment":"scroll","background-type":"","background-media":"","overlay-type":"","overlay-color":"","overlay-opacity":"","overlay-gradient":""},"mobile":{"background-color":"var(--ast-global-color-4)","background-image":"","background-repeat":"repeat","background-position":"center center","background-size":"auto","background-attachment":"scroll","background-type":"","background-media":"","overlay-type":"","overlay-color":"","overlay-opacity":"","overlay-gradient":""}},"footnotes":""},"class_list":["post-116","page","type-page","status-publish","hentry"],"_links":{"self":[{"href":"https:\/\/tourbouillon.com\/index.php\/wp-json\/wp\/v2\/pages\/116","targetHints":{"allow":["GET"]}}],"collection":[{"href":"https:\/\/tourbouillon.com\/index.php\/wp-json\/wp\/v2\/pages"}],"about":[{"href":"https:\/\/tourbouillon.com\/index.php\/wp-json\/wp\/v2\/types\/page"}],"author":[{"embeddable":true,"href":"https:\/\/tourbouillon.com\/index.php\/wp-json\/wp\/v2\/users\/1"}],"replies":[{"embeddable":true,"href":"https:\/\/tourbouillon.com\/index.php\/wp-json\/wp\/v2\/comments?post=116"}],"version-history":[{"count":4,"href":"https:\/\/tourbouillon.com\/index.php\/wp-json\/wp\/v2\/pages\/116\/revisions"}],"predecessor-version":[{"id":797,"href":"https:\/\/tourbouillon.com\/index.php\/wp-json\/wp\/v2\/pages\/116\/revisions\/797"}],"wp:attachment":[{"href":"https:\/\/tourbouillon.com\/index.php\/wp-json\/wp\/v2\/media?parent=116"}],"curies":[{"name":"wp","href":"https:\/\/api.w.org\/{rel}","templated":true}]}}