{"id":10,"date":"2026-02-18T17:00:08","date_gmt":"2026-02-18T16:00:08","guid":{"rendered":"https:\/\/tourbouillon.com\/?page_id=10"},"modified":"2026-04-12T09:05:49","modified_gmt":"2026-04-12T08:05:49","slug":"accueil","status":"publish","type":"page","link":"https:\/\/tourbouillon.com\/","title":{"rendered":"Accueil"},"content":{"rendered":"\n<div class=\"wp-block-cover is-light\" style=\"margin-top:0;margin-bottom:0;padding-top:0;padding-bottom:0;min-height:500px;aspect-ratio:unset;\"><img loading=\"lazy\" decoding=\"async\" width=\"326\" height=\"350\" class=\"wp-block-cover__image-background wp-image-102\" alt=\"\" src=\"https:\/\/tourbouillon.com\/wp-content\/uploads\/2026\/02\/PICTOGRAMME-vert-3.png\" style=\"object-position:64% 44%\" data-object-fit=\"cover\" data-object-position=\"64% 44%\" srcset=\"https:\/\/tourbouillon.com\/wp-content\/uploads\/2026\/02\/PICTOGRAMME-vert-3.png 326w, https:\/\/tourbouillon.com\/wp-content\/uploads\/2026\/02\/PICTOGRAMME-vert-3-279x300.png 279w\" sizes=\"auto, (max-width: 326px) 100vw, 326px\" \/><span aria-hidden=\"true\" class=\"wp-block-cover__background has-white-background-color has-background-dim-80 has-background-dim\"><\/span><div class=\"wp-block-cover__inner-container is-layout-flow wp-container-core-cover-is-layout-cca2f3be wp-block-cover-is-layout-flow\">\n<figure class=\"wp-block-image aligncenter size-full is-resized\"><img loading=\"lazy\" decoding=\"async\" width=\"671\" height=\"774\" src=\"https:\/\/tourbouillon.com\/wp-content\/uploads\/2026\/02\/LOGO-noir-3.png\" alt=\"\" class=\"wp-image-109\" style=\"aspect-ratio:0.8669607904057665;width:242px;height:auto\" srcset=\"https:\/\/tourbouillon.com\/wp-content\/uploads\/2026\/02\/LOGO-noir-3.png 671w, https:\/\/tourbouillon.com\/wp-content\/uploads\/2026\/02\/LOGO-noir-3-260x300.png 260w\" sizes=\"auto, (max-width: 671px) 100vw, 671px\" \/><\/figure>\n\n\n\n<hr class=\"wp-block-separator has-alpha-channel-opacity\"\/>\n\n\n\n<div class=\"wp-block-columns is-layout-flex wp-container-core-columns-is-layout-8f7573de wp-block-columns-is-layout-flex\" style=\"padding-top:var(--wp--preset--spacing--40);padding-right:0;padding-bottom:var(--wp--preset--spacing--40);padding-left:0\">\n<div class=\"wp-block-column is-layout-flow wp-block-column-is-layout-flow\">\n<div class=\"wp-block-buttons is-content-justification-center is-layout-flex wp-container-core-buttons-is-layout-a89b3969 wp-block-buttons-is-layout-flex\">\n<div class=\"wp-block-button has-custom-width wp-block-button__width-75 is-style-fill\"><a class=\"wp-block-button__link has-ast-global-color-2-background-color has-background wp-element-button\" href=\"https:\/\/tourbouillon.com\/index.php\/menu\/\" style=\"padding-top:var(--wp--preset--spacing--50);padding-bottom:var(--wp--preset--spacing--50)\">D\u00e9couvrir la carte<\/a><\/div>\n<\/div>\n<\/div>\n<\/div>\n<\/div><\/div>\n\n\n\n<div class=\"wp-block-group is-layout-constrained wp-block-group-is-layout-constrained\">\n<h2 class=\"wp-block-heading has-text-align-center\">Bienvenue chez Tourbouillon, brasserie \u00e0 M\u00e9rignac<\/h2>\n\n\n\n<p class=\"has-text-align-center\">Vous pensiez \u00e0 un \u00e9ni\u00e8me bouillon ?<br>Rien de tout \u00e7a.<\/p>\n\n\n\n<p class=\"has-text-align-center\">Une carte courte et efficace :<br>Du bois, du go\u00fbt, du fum\u00e9<\/p>\n\n\n\n<p class=\"has-text-align-center\">Des produits fran\u00e7ais travaill\u00e9s sur place, authentiques.<br>Un tourbillon qui rel\u00e8ve le simple.<\/p>\n\n\n\n<p class=\"has-text-align-center\">Vous \u00eates au bon endroit, vous \u00eates \u00e0 la maison.<\/p>\n\n\n\n<hr class=\"wp-block-separator has-alpha-channel-opacity\"\/>\n\n\n\n<p class=\"has-text-align-center\">1 Av. Ariane, 33700 M\u00e9rignac<\/p>\n<\/div>\n\n\n\n<figure class=\"wp-block-image alignwide size-large\"><img loading=\"lazy\" decoding=\"async\" width=\"2560\" height=\"1440\" src=\"https:\/\/tourbouillon.com\/wp-content\/uploads\/2026\/04\/XH17969-edited-scaled.jpg\" alt=\"\" class=\"wp-image-792\" srcset=\"https:\/\/tourbouillon.com\/wp-content\/uploads\/2026\/04\/XH17969-edited-scaled.jpg 2560w, https:\/\/tourbouillon.com\/wp-content\/uploads\/2026\/04\/XH17969-edited-300x169.jpg 300w, https:\/\/tourbouillon.com\/wp-content\/uploads\/2026\/04\/XH17969-edited-1024x576.jpg 1024w, https:\/\/tourbouillon.com\/wp-content\/uploads\/2026\/04\/XH17969-edited-768x432.jpg 768w, https:\/\/tourbouillon.com\/wp-content\/uploads\/2026\/04\/XH17969-edited-1536x864.jpg 1536w, https:\/\/tourbouillon.com\/wp-content\/uploads\/2026\/04\/XH17969-edited-2048x1152.jpg 2048w\" sizes=\"auto, (max-width: 2560px) 100vw, 2560px\" \/><\/figure>\n\n\n\n<div class=\"wp-block-group is-layout-flow wp-block-group-is-layout-flow\" style=\"padding-top:var(--wp--preset--spacing--60);padding-bottom:var(--wp--preset--spacing--60)\">\n<h2 class=\"wp-block-heading has-text-align-center has-large-font-size\" id=\"menu\">Nos Menus<\/h2>\n\n\n\n<hr class=\"wp-block-separator has-alpha-channel-opacity is-style-default\"\/>\n\n\n\n<div class=\"wp-block-group is-layout-flow wp-container-core-group-is-layout-586a8ae5 wp-block-group-is-layout-flow\" style=\"min-height:0px;margin-top:0px;margin-bottom:0px;padding-top:47px;padding-right:0px;padding-bottom:47px;padding-left:0px\">\n<div class=\"wp-block-columns is-layout-flex wp-container-core-columns-is-layout-28f84493 wp-block-columns-is-layout-flex\">\n<div class=\"wp-block-column is-layout-flow wp-block-column-is-layout-flow\">\n<div class=\"wp-block-columns is-layout-flex wp-container-core-columns-is-layout-28f84493 wp-block-columns-is-layout-flex\">\n<div class=\"wp-block-column is-layout-flow wp-block-column-is-layout-flow\" style=\"flex-basis:100%\">\n<figure class=\"wp-block-image size-large\"><img loading=\"lazy\" decoding=\"async\" width=\"819\" height=\"1024\" src=\"https:\/\/tourbouillon.com\/wp-content\/uploads\/2026\/04\/XH17987.jpg-819x1024.jpeg\" alt=\"\" class=\"wp-image-783\" style=\"aspect-ratio:0.7998333680483233\" srcset=\"https:\/\/tourbouillon.com\/wp-content\/uploads\/2026\/04\/XH17987.jpg-819x1024.jpeg 819w, https:\/\/tourbouillon.com\/wp-content\/uploads\/2026\/04\/XH17987.jpg-240x300.jpeg 240w, https:\/\/tourbouillon.com\/wp-content\/uploads\/2026\/04\/XH17987.jpg-768x960.jpeg 768w, https:\/\/tourbouillon.com\/wp-content\/uploads\/2026\/04\/XH17987.jpg-1229x1536.jpeg 1229w, https:\/\/tourbouillon.com\/wp-content\/uploads\/2026\/04\/XH17987.jpg-1638x2048.jpeg 1638w, https:\/\/tourbouillon.com\/wp-content\/uploads\/2026\/04\/XH17987.jpg-scaled.jpeg 2048w\" sizes=\"auto, (max-width: 819px) 100vw, 819px\" \/><\/figure>\n<\/div>\n<\/div>\n<\/div>\n\n\n\n<div class=\"wp-block-column is-vertically-aligned-center is-layout-flow wp-block-column-is-layout-flow\">\n<h3 class=\"wp-block-heading has-text-align-right\" style=\"font-size:24px\"><a href=\"https:\/\/tourbouillon.com\/index.php\/menu\/\" data-type=\"page\" data-id=\"122\">Menu du Midi<\/a><\/h3>\n\n\n\n<h3 class=\"wp-block-heading has-text-align-right\" style=\"font-size:24px\"><a href=\"https:\/\/tourbouillon.com\/index.php\/menu\/\" data-type=\"page\" data-id=\"122\">Vin et cocktails<\/a><\/h3>\n<\/div>\n<\/div>\n<\/div>\n<\/div>\n\n\n\n<div class=\"wp-block-group is-content-justification-center is-nowrap is-layout-flex wp-container-core-group-is-layout-23441af8 wp-block-group-is-layout-flex\">\n<div class=\"wp-block-group is-layout-flow wp-block-group-is-layout-flow\" style=\"padding-top:0;padding-bottom:0\">\n<h2 class=\"wp-block-heading has-text-align-center has-large-font-size\" id=\"a-propos\">Horaires<\/h2>\n\n\n\n<hr class=\"wp-block-separator has-alpha-channel-opacity\"\/>\n\n\n\n<div class=\"wp-block-columns is-layout-flex wp-container-core-columns-is-layout-28f84493 wp-block-columns-is-layout-flex\">\n<div class=\"wp-block-column is-layout-flow wp-block-column-is-layout-flow\">\n<h3 class=\"wp-block-heading has-text-align-center\" style=\"padding-right:0;padding-left:0\">D\u00e9jeuner <\/h3>\n\n\n\n<p class=\"has-text-align-center has-ast-global-color-1-color has-text-color has-link-color wp-elements-7f034eb0994f3c5fc73716b7ef8a7e52\"><strong>Du lundi au vendredi<\/strong><\/p>\n\n\n\n<p class=\"has-text-align-center\">De 12h \u00e0 14h<\/p>\n\n\n\n<hr class=\"wp-block-separator has-alpha-channel-opacity\"\/>\n\n\n\n<h3 class=\"wp-block-heading has-text-align-center\">D\u00eener (\u00e0 partir du mois de mai)<\/h3>\n\n\n\n<p class=\"has-text-align-center has-ast-global-color-1-color has-text-color has-link-color wp-elements-a5c3ccc3591e93770c9ebdf61b22298d\"><strong>Du mardi au vendredi<\/strong> &#8211; \u00e0 partir du 4 mai 2026<\/p>\n\n\n\n<p class=\"has-text-align-center\">De 18h \u00e0 22h (derni\u00e8re commande)<\/p>\n\n\n\n<hr class=\"wp-block-separator has-alpha-channel-opacity\"\/>\n\n\n\n<h3 class=\"wp-block-heading has-text-align-center\">T\u00e9l\u00e9phone<\/h3>\n\n\n\n<p class=\"has-text-align-center has-ast-global-color-1-color has-text-color has-link-color wp-elements-f411f08131054ab696745f7ca28f76c1\"><strong>05 47 74 11 15<\/strong><\/p>\n<\/div>\n<\/div>\n<\/div>\n<\/div>\n\n\n\n<div class=\"wp-block-columns is-layout-flex wp-container-core-columns-is-layout-28f84493 wp-block-columns-is-layout-flex\" id=\"groupe-et-privatisation\">\n<div class=\"wp-block-column is-layout-flow wp-block-column-is-layout-flow\">\n<figure class=\"wp-block-image size-large\"><img loading=\"lazy\" decoding=\"async\" width=\"683\" height=\"1024\" src=\"https:\/\/tourbouillon.com\/wp-content\/uploads\/2026\/04\/TB_20260409_44_SDMark-683x1024.jpg\" alt=\"\" class=\"wp-image-798\" srcset=\"https:\/\/tourbouillon.com\/wp-content\/uploads\/2026\/04\/TB_20260409_44_SDMark-683x1024.jpg 683w, https:\/\/tourbouillon.com\/wp-content\/uploads\/2026\/04\/TB_20260409_44_SDMark-200x300.jpg 200w, https:\/\/tourbouillon.com\/wp-content\/uploads\/2026\/04\/TB_20260409_44_SDMark-768x1152.jpg 768w, https:\/\/tourbouillon.com\/wp-content\/uploads\/2026\/04\/TB_20260409_44_SDMark-1024x1536.jpg 1024w, https:\/\/tourbouillon.com\/wp-content\/uploads\/2026\/04\/TB_20260409_44_SDMark.jpg 1080w\" sizes=\"auto, (max-width: 683px) 100vw, 683px\" \/><\/figure>\n<\/div>\n\n\n\n<div class=\"wp-block-column is-vertically-aligned-center has-background is-layout-flow wp-block-column-is-layout-flow\" style=\"background-color:#ffffffeb;padding-top:var(--wp--preset--spacing--40);padding-right:var(--wp--preset--spacing--40);padding-bottom:var(--wp--preset--spacing--40);padding-left:var(--wp--preset--spacing--40)\">\n<h3 class=\"wp-block-heading has-text-align-center\">Grands groupes <\/h3>\n\n\n\n<p class=\"has-text-align-center\">( 16 pers min)<\/p>\n\n\n\n<p class=\"has-text-align-center\" style=\"margin-right:var(--wp--preset--spacing--30);margin-left:var(--wp--preset--spacing--30)\">Nous proposons des formules adapt\u00e9es \u00e0 vos \u00e9v\u00e9nements priv\u00e9s ou professionnels<\/p>\n\n\n\n<div class=\"wp-block-buttons is-content-justification-center is-layout-flex wp-container-core-buttons-is-layout-a89b3969 wp-block-buttons-is-layout-flex\">\n<div class=\"wp-block-button is-style-fill\"><a class=\"wp-block-button__link has-text-align-center wp-element-button\">Groupes &amp; Privatisation<\/a><\/div>\n<\/div>\n\n\n\n<p class=\"has-text-align-center\" style=\"margin-right:var(--wp--preset--spacing--30);margin-left:var(--wp--preset--spacing--30)\"><\/p>\n\n\n\n<hr class=\"wp-block-separator has-alpha-channel-opacity\"\/>\n<\/div>\n<\/div>\n\n\n\n<div class=\"wp-block-group is-layout-constrained wp-block-group-is-layout-constrained\">\n<h2 class=\"wp-block-heading\" id=\"infos-et-contact\">Contact et informations utiles<\/h2>\n\n\n\n<h3 class=\"wp-block-heading\"><strong>Informations pratiques<\/strong><\/h3>\n\n\n\n<p>1 Av. Ariane, 33700 M\u00e9rignac<\/p>\n\n\n\n<p><strong>05 47 74 11 15<\/strong><\/p>\n\n\n\n<h3 class=\"wp-block-heading\">Pour nous contacter<\/h3>\n\n\n<style id=\"wpforms-css-vars-328\">\n\t\t\t\t#wpforms-328 {\n\t\t\t\t--wpforms-field-border-size: 1px;\n--wpforms-field-border-radius: 3px;\n--wpforms-field-border-color: rgba(0, 0, 0, 0.25);\n--wpforms-field-border-color-spare: rgba(0, 0, 0, 0.25);\n--wpforms-field-text-color: rgba(0, 0, 0, 0.7);\n--wpforms-label-color: rgba(0, 0, 0, 0.85);\n--wpforms-label-sublabel-color: rgba(0, 0, 0, 0.55);\n--wpforms-button-border-size: 1px;\n--wpforms-button-border-radius: 3px;\n--wpforms-button-background-color: #899064;\n--wpforms-container-padding: 0px;\n--wpforms-container-border-width: 1px;\n--wpforms-container-border-radius: 3px;\n--wpforms-background-color: rgba(0, 0, 0, 0);\n--wpforms-field-size-input-height: 43px;\n--wpforms-field-size-input-spacing: 15px;\n--wpforms-field-size-font-size: 16px;\n--wpforms-field-size-line-height: 19px;\n--wpforms-field-size-padding-h: 14px;\n--wpforms-field-size-checkbox-size: 16px;\n--wpforms-field-size-sublabel-spacing: 5px;\n--wpforms-field-size-icon-size: 1;\n--wpforms-label-size-font-size: 16px;\n--wpforms-label-size-line-height: 19px;\n--wpforms-label-size-sublabel-font-size: 14px;\n--wpforms-label-size-sublabel-line-height: 17px;\n--wpforms-button-size-font-size: 17px;\n--wpforms-button-size-height: 41px;\n--wpforms-button-size-padding-h: 15px;\n--wpforms-button-size-margin-top: 10px;\n--wpforms-container-shadow-size-box-shadow: none;\n\t\t\t}\n\t\t\t<\/style><div class=\"wpforms-container wpforms-container-full wpforms-render-modern\" id=\"wpforms-328\"><form id=\"wpforms-form-328\" class=\"wpforms-validate wpforms-form wpforms-ajax-form\" data-formid=\"328\" method=\"post\" enctype=\"multipart\/form-data\" action=\"\/index.php\/wp-json\/wp\/v2\/pages\/10\" data-token=\"1203e69f7989e17615d6088b59263cec\" data-token-time=\"1776007083\"><noscript class=\"wpforms-error-noscript\">Veuillez activer JavaScript dans votre navigateur pour remplir ce formulaire.<\/noscript><div id=\"wpforms-error-noscript\" style=\"display: none;\">Veuillez activer JavaScript dans votre navigateur pour remplir ce formulaire.<\/div><div class=\"wpforms-field-container\"><div id=\"wpforms-328-field_4-container\" class=\"wpforms-field wpforms-field-name\" data-field-id=\"4\"><fieldset><legend class=\"wpforms-field-label\">Nom <span class=\"wpforms-required-label\" aria-hidden=\"true\">*<\/span><\/legend><div class=\"wpforms-field-row wpforms-field-medium\"><div class=\"wpforms-field-row-block wpforms-first wpforms-one-half\"><input type=\"text\" id=\"wpforms-328-field_4\" class=\"wpforms-field-name-first wpforms-field-required\" name=\"wpforms[fields][4][first]\" aria-errormessage=\"wpforms-328-field_4-error\" required><label for=\"wpforms-328-field_4\" class=\"wpforms-field-sublabel after\">Pr\u00e9nom<\/label><\/div><div class=\"wpforms-field-row-block wpforms-one-half\"><input type=\"text\" id=\"wpforms-328-field_4-last\" class=\"wpforms-field-name-last wpforms-field-required\" name=\"wpforms[fields][4][last]\" aria-errormessage=\"wpforms-328-field_4-last-error\" required><label for=\"wpforms-328-field_4-last\" class=\"wpforms-field-sublabel after\">Nom<\/label><\/div><\/div><\/fieldset><\/div><div id=\"wpforms-328-field_2-container\" class=\"wpforms-field wpforms-field-email\" data-field-id=\"2\"><label class=\"wpforms-field-label\" for=\"wpforms-328-field_2\">Email <span class=\"wpforms-required-label\" aria-hidden=\"true\">*<\/span><\/label><input type=\"email\" id=\"wpforms-328-field_2\" class=\"wpforms-field-medium wpforms-field-required\" name=\"wpforms[fields][2]\" spellcheck=\"false\" aria-errormessage=\"wpforms-328-field_2-error\" required><\/div>\t\t<div id=\"wpforms-328-field_1-container\"\n\t\t\tclass=\"wpforms-field wpforms-field-text\"\n\t\t\tdata-field-type=\"text\"\n\t\t\tdata-field-id=\"1\"\n\t\t\t>\n\t\t\t<label class=\"wpforms-field-label\" for=\"wpforms-328-field_1\" >Votre message Email<\/label>\n\t\t\t<input type=\"text\" id=\"wpforms-328-field_1\" class=\"wpforms-field-medium\" name=\"wpforms[fields][1]\" >\n\t\t<\/div>\n\t\t<div id=\"wpforms-328-field_7-container\" class=\"wpforms-field wpforms-field-textarea\" data-field-id=\"7\"><label class=\"wpforms-field-label\" for=\"wpforms-328-field_7\">Votre message <span class=\"wpforms-required-label\" aria-hidden=\"true\">*<\/span><\/label><textarea id=\"wpforms-328-field_7\" class=\"wpforms-field-medium wpforms-field-required\" name=\"wpforms[fields][7]\" aria-errormessage=\"wpforms-328-field_7-error\" required><\/textarea><\/div><script>\n\t\t\t\t( function() {\n\t\t\t\t\tconst style = document.createElement( 'style' );\n\t\t\t\t\tstyle.appendChild( document.createTextNode( '#wpforms-328-field_1-container { position: absolute !important; overflow: hidden !important; display: inline !important; height: 1px !important; width: 1px !important; z-index: -1000 !important; padding: 0 !important; } #wpforms-328-field_1-container input { visibility: hidden; } #wpforms-conversational-form-page #wpforms-328-field_1-container label { counter-increment: none; }' ) );\n\t\t\t\t\tdocument.head.appendChild( style );\n\t\t\t\t\tdocument.currentScript?.remove();\n\t\t\t\t} )();\n\t\t\t<\/script><\/div><!-- .wpforms-field-container --><div class=\"wpforms-submit-container\" ><input type=\"hidden\" name=\"wpforms[id]\" value=\"328\"><input type=\"hidden\" name=\"page_title\" value=\"\"><input type=\"hidden\" name=\"page_url\" value=\"https:\/\/tourbouillon.com\/index.php\/wp-json\/wp\/v2\/pages\/10\"><input type=\"hidden\" name=\"url_referer\" value=\"\"><button type=\"submit\" name=\"wpforms[submit]\" id=\"wpforms-submit-328\" class=\"wpforms-submit\" data-alt-text=\"En cours d&#039;envoi\" data-submit-text=\"Envoyer le message\" aria-live=\"assertive\" value=\"wpforms-submit\">Envoyer le message<\/button><img loading=\"lazy\" decoding=\"async\" src=\"https:\/\/tourbouillon.com\/wp-content\/plugins\/wpforms-lite\/assets\/images\/submit-spin.svg\" class=\"wpforms-submit-spinner\" style=\"display: none;\" width=\"26\" height=\"26\" alt=\"Chargement en cours\"><\/div><\/form><\/div>  <!-- .wpforms-container -->\n\n\n\n<h3 class=\"wp-block-heading has-text-align-left\"><\/h3>\n<\/div>\n\n\n\n<div class=\"wp-block-columns is-layout-flex wp-container-core-columns-is-layout-28f84493 wp-block-columns-is-layout-flex\">\n<div class=\"wp-block-column is-layout-flow wp-block-column-is-layout-flow\">\n<figure class=\"wp-block-image size-large\"><img loading=\"lazy\" decoding=\"async\" width=\"819\" height=\"1024\" src=\"https:\/\/tourbouillon.com\/wp-content\/uploads\/2026\/04\/XT37822-Modifier.jpg-819x1024.jpeg\" alt=\"\" class=\"wp-image-784\" srcset=\"https:\/\/tourbouillon.com\/wp-content\/uploads\/2026\/04\/XT37822-Modifier.jpg-819x1024.jpeg 819w, https:\/\/tourbouillon.com\/wp-content\/uploads\/2026\/04\/XT37822-Modifier.jpg-240x300.jpeg 240w, https:\/\/tourbouillon.com\/wp-content\/uploads\/2026\/04\/XT37822-Modifier.jpg-768x960.jpeg 768w, https:\/\/tourbouillon.com\/wp-content\/uploads\/2026\/04\/XT37822-Modifier.jpg-1229x1536.jpeg 1229w, https:\/\/tourbouillon.com\/wp-content\/uploads\/2026\/04\/XT37822-Modifier.jpg-1638x2048.jpeg 1638w, https:\/\/tourbouillon.com\/wp-content\/uploads\/2026\/04\/XT37822-Modifier.jpg-scaled.jpeg 2048w\" sizes=\"auto, (max-width: 819px) 100vw, 819px\" \/><\/figure>\n<\/div>\n\n\n\n<div class=\"wp-block-column is-layout-flow wp-block-column-is-layout-flow\"><\/div>\n<\/div>\n\n\n\n<script>\n  ;(function (d, s, id) {\n    const el = d.getElementsByTagName(s)[0]\n    if (d.getElementById(id) || el.parentNode == null) return\n    var js = d.createElement(s)\n    js.id = id\n    js.src = 'https:\/\/sdk.zenchef.com\/v1\/sdk.min.js'\n    el.parentNode.insertBefore(js, el)\n  })(document, 'script', 'zenchef-sdk')\n<\/script>\n<div class=\"zc-widget-config\"\n   data-restaurant=\"383736\"\n   data-open=\"\"\n   data-primary-color=\"6f8c6e\"><\/div>\n","protected":false},"excerpt":{"rendered":"<p>Bienvenue chez Tourbouillon, brasserie \u00e0 M\u00e9rignac Vous pensiez \u00e0 un \u00e9ni\u00e8me bouillon ?Rien de tout \u00e7a. Une carte courte et [&hellip;]<\/p>\n","protected":false},"author":1,"featured_media":0,"parent":0,"menu_order":0,"comment_status":"closed","ping_status":"closed","template":"","meta":{"site-sidebar-layout":"default","site-content-layout":"","ast-site-content-layout":"default","site-content-style":"default","site-sidebar-style":"default","ast-global-header-display":"","ast-banner-title-visibility":"","ast-main-header-display":"","ast-hfb-above-header-display":"","ast-hfb-below-header-display":"","ast-hfb-mobile-header-display":"","site-post-title":"disabled","ast-breadcrumbs-content":"","ast-featured-img":"","footer-sml-layout":"","ast-disable-related-posts":"","theme-transparent-header-meta":"","adv-header-id-meta":"","stick-header-meta":"","header-above-stick-meta":"","header-main-stick-meta":"","header-below-stick-meta":"","astra-migrate-meta-layouts":"default","ast-page-background-enabled":"default","ast-page-background-meta":{"desktop":{"background-color":"var(--ast-global-color-5)","background-image":"","background-repeat":"repeat","background-position":"center center","background-size":"auto","background-attachment":"scroll","background-type":"","background-media":"","overlay-type":"","overlay-color":"","overlay-opacity":"","overlay-gradient":""},"tablet":{"background-color":"","background-image":"","background-repeat":"repeat","background-position":"center center","background-size":"auto","background-attachment":"scroll","background-type":"","background-media":"","overlay-type":"","overlay-color":"","overlay-opacity":"","overlay-gradient":""},"mobile":{"background-color":"","background-image":"","background-repeat":"repeat","background-position":"center center","background-size":"auto","background-attachment":"scroll","background-type":"","background-media":"","overlay-type":"","overlay-color":"","overlay-opacity":"","overlay-gradient":""}},"ast-content-background-meta":{"desktop":{"background-color":"var(--ast-global-color-4)","background-image":"","background-repeat":"repeat","background-position":"center center","background-size":"auto","background-attachment":"scroll","background-type":"","background-media":"","overlay-type":"","overlay-color":"","overlay-opacity":"","overlay-gradient":""},"tablet":{"background-color":"var(--ast-global-color-4)","background-image":"","background-repeat":"repeat","background-position":"center center","background-size":"auto","background-attachment":"scroll","background-type":"","background-media":"","overlay-type":"","overlay-color":"","overlay-opacity":"","overlay-gradient":""},"mobile":{"background-color":"var(--ast-global-color-4)","background-image":"","background-repeat":"repeat","background-position":"center center","background-size":"auto","background-attachment":"scroll","background-type":"","background-media":"","overlay-type":"","overlay-color":"","overlay-opacity":"","overlay-gradient":""}},"footnotes":""},"class_list":["post-10","page","type-page","status-publish","hentry"],"_links":{"self":[{"href":"https:\/\/tourbouillon.com\/index.php\/wp-json\/wp\/v2\/pages\/10","targetHints":{"allow":["GET"]}}],"collection":[{"href":"https:\/\/tourbouillon.com\/index.php\/wp-json\/wp\/v2\/pages"}],"about":[{"href":"https:\/\/tourbouillon.com\/index.php\/wp-json\/wp\/v2\/types\/page"}],"author":[{"embeddable":true,"href":"https:\/\/tourbouillon.com\/index.php\/wp-json\/wp\/v2\/users\/1"}],"replies":[{"embeddable":true,"href":"https:\/\/tourbouillon.com\/index.php\/wp-json\/wp\/v2\/comments?post=10"}],"version-history":[{"count":149,"href":"https:\/\/tourbouillon.com\/index.php\/wp-json\/wp\/v2\/pages\/10\/revisions"}],"predecessor-version":[{"id":800,"href":"https:\/\/tourbouillon.com\/index.php\/wp-json\/wp\/v2\/pages\/10\/revisions\/800"}],"wp:attachment":[{"href":"https:\/\/tourbouillon.com\/index.php\/wp-json\/wp\/v2\/media?parent=10"}],"curies":[{"name":"wp","href":"https:\/\/api.w.org\/{rel}","templated":true}]}}